{"id":143,"date":"2023-07-29T18:43:34","date_gmt":"2023-07-29T18:43:34","guid":{"rendered":"https:\/\/aluminoxfusion.com\/?page_id=143"},"modified":"2023-07-29T18:43:34","modified_gmt":"2023-07-29T18:43:34","slug":"puerta-cortafuego","status":"publish","type":"page","link":"https:\/\/aluminoxfusion.com\/en\/puerta-cortafuego\/","title":{"rendered":"Puerta Cortafuego"},"content":{"rendered":"<p>[et_pb_section fb_built=\u00bb1&#8243; fullwidth=\u00bbon\u00bb theme_builder_area=\u00bbpost_content\u00bb _builder_version=\u00bb4.21.0&#8243; _module_preset=\u00bbdefault\u00bb][et_pb_fullwidth_image src=\u00bbhttps:\/\/aluminoxfusion.com\/wp-content\/uploads\/2023\/07\/cortafuegos-scaled.jpg\u00bb _builder_version=\u00bb4.21.0&#8243; _module_preset=\u00bbdefault\u00bb theme_builder_area=\u00bbpost_content\u00bb title_text=\u00bbcortafuegos\u00bb hover_enabled=\u00bb0&#8243; sticky_enabled=\u00bb0&#8243;][\/et_pb_fullwidth_image][\/et_pb_section][et_pb_section fb_built=\u00bb1&#8243; theme_builder_area=\u00bbpost_content\u00bb _builder_version=\u00bb4.21.0&#8243; _module_preset=\u00bbdefault\u00bb custom_padding=\u00bb||11px|||\u00bb][et_pb_row _builder_version=\u00bb4.21.0&#8243; _module_preset=\u00bbdefault\u00bb theme_builder_area=\u00bbpost_content\u00bb column_structure=\u00bb3_5,2_5&#8243;][et_pb_column _builder_version=\u00bb4.21.0&#8243; _module_preset=\u00bbdefault\u00bb type=\u00bb3_5&#8243; theme_builder_area=\u00bbpost_content\u00bb][et_pb_image src=\u00bbhttps:\/\/aluminoxfusion.com\/wp-content\/uploads\/2023\/07\/entrada-casa-edificio-japones-buzon-scaled.jpg\u00bb _builder_version=\u00bb4.21.0&#8243; _module_preset=\u00bbdefault\u00bb theme_builder_area=\u00bbpost_content\u00bb title_text=\u00bbentrada-casa-edificio-japones-buzon\u00bb hover_enabled=\u00bb0&#8243; sticky_enabled=\u00bb0&#8243;][\/et_pb_image][\/et_pb_column][et_pb_column _builder_version=\u00bb4.21.0&#8243; _module_preset=\u00bbdefault\u00bb type=\u00bb2_5&#8243; theme_builder_area=\u00bbpost_content\u00bb][et_pb_text _builder_version=\u00bb4.21.0&#8243; _module_preset=\u00bbdefault\u00bb theme_builder_area=\u00bbpost_content\u00bb header_2_font_size=\u00bb49px\u00bb hover_enabled=\u00bb0&#8243; sticky_enabled=\u00bb0&#8243;]<\/p>\n<h2><strong>\u00a1Aluminox Fusi\u00f3n, l\u00edder en seguridad y excelencia!<\/strong><\/h2>\n<p>[\/et_pb_text][et_pb_text _builder_version=\u00bb4.21.0&#8243; _module_preset=\u00bbdefault\u00bb theme_builder_area=\u00bbpost_content\u00bb hover_enabled=\u00bb0&#8243; sticky_enabled=\u00bb0&#8243;]<\/p>\n<p style=\"text-align: justify;\">\n<p style=\"text-align: justify;\">\u00a0Nuestras puertas cortafuegos te brindan la m\u00e1xima protecci\u00f3n contra incendios.<\/p>\n<p style=\"text-align: justify;\">Fabricadas e instaladas siguiendo rigurosos est\u00e1ndares, garantizamos espacios seguros y tranquilos en cualquier entorno. Con certificaci\u00f3n y marcado CE, nuestras puertas cumplen con las normas de producci\u00f3n de la m\u00e1s alta calidad.<\/p>\n<p style=\"text-align: justify;\">En Aluminox Fusi\u00f3n, la seguridad es nuestra prioridad. Nuestro equipo de profesionales altamente capacitados se asegura de que cada puerta cortafuegos cumpla con los requisitos espec\u00edficos de su proyecto. Con tama\u00f1os estandarizados y opciones de personalizaci\u00f3n, adaptamos cada soluci\u00f3n a tus necesidades.<\/p>\n<p style=\"text-align: justify;\">Sin escapes en seguridad. Conf\u00eda en Aluminox Fusi\u00f3n y protege tu patrimonio con puertas cortafuegos de calidad, dise\u00f1adas para resistir y salvaguardar.<\/p>\n<p style=\"text-align: justify;\">\n<p style=\"text-align: justify;\">\u00a1Prep\u00e1rate para una protecci\u00f3n en\u00e9rgica y profesional que marca la diferencia!<\/p>\n<p>[\/et_pb_text][et_pb_image src=\u00bbhttps:\/\/aluminoxfusion.com\/wp-content\/uploads\/2023\/07\/sistema-extincion-incendios-pared-letrero-puerta-salida-incendios-incendios-escaleras-emergencia-escapar-edificios-o-apartamentos-scaled.jpg\u00bb _builder_version=\u00bb4.21.0&#8243; _module_preset=\u00bbdefault\u00bb theme_builder_area=\u00bbpost_content\u00bb title_text=\u00bbFire extinguisher system on the wall with Fire Exit door sign fo\u00bb hover_enabled=\u00bb0&#8243; sticky_enabled=\u00bb0&#8243; custom_margin=\u00bb||-10px|||\u00bb][\/et_pb_image][\/et_pb_column][\/et_pb_row][\/et_pb_section][et_pb_section fb_built=\u00bb1&#8243; admin_label=\u00bbFooter\u00bb _builder_version=\u00bb4.21.0&#8243; use_background_color_gradient=\u00bbon\u00bb background_color_gradient_type=\u00bbcircular\u00bb background_color_gradient_direction_radial=\u00bbleft\u00bb background_color_gradient_stops=\u00bbrgba(0,0,0,0) 0%|rgba(0,0,0,0.75) 15%\u00bb background_color_gradient_overlays_image=\u00bbon\u00bb background_color_gradient_start=\u00bbrgba(0,0,0,0)\u00bb background_color_gradient_start_position=\u00bb10%\u00bb background_color_gradient_end=\u00bbrgba(0,0,0,0.75)\u00bb background_color_gradient_end_position=\u00bb60%\u00bb background_image=\u00bbhttps:\/\/aluminoxfusion.com\/wp-content\/uploads\/2023\/07\/Aluminox-27.jpg\u00bb custom_margin=\u00bb8px|||||\u00bb custom_padding=\u00bb||172px|||\u00bb global_module=\u00bb84&#8243; saved_tabs=\u00bball\u00bb global_colors_info=\u00bb{}\u00bb theme_builder_area=\u00bbpost_content\u00bb][et_pb_row column_structure=\u00bb1_3,1_3,1_3&#8243; _builder_version=\u00bb4.16&#8243; custom_margin=\u00bb136px|auto||auto||\u00bb global_colors_info=\u00bb{}\u00bb theme_builder_area=\u00bbpost_content\u00bb][et_pb_column type=\u00bb1_3&#8243; _builder_version=\u00bb4.16&#8243; custom_padding=\u00bb|||\u00bb global_colors_info=\u00bb{}\u00bb custom_padding__hover=\u00bb|||\u00bb theme_builder_area=\u00bbpost_content\u00bb][et_pb_blurb title=\u00bbTel\u00e9fono\u00bb use_icon=\u00bbon\u00bb font_icon=\u00bb&#xe090;||divi||400&#8243; icon_color=\u00bb#ffb400&#8243; icon_placement=\u00bbleft\u00bb image_icon_width=\u00bb22px\u00bb _builder_version=\u00bb4.21.0&#8243; header_font=\u00bbLibre Franklin|600|||||||\u00bb header_line_height=\u00bb1.4em\u00bb body_font=\u00bb||||||||\u00bb body_line_height=\u00bb1.8em\u00bb background_layout=\u00bbdark\u00bb animation=\u00bboff\u00bb icon_font_size=\u00bb22px\u00bb locked=\u00bboff\u00bb global_colors_info=\u00bb{}\u00bb theme_builder_area=\u00bbpost_content\u00bb]<\/p>\n<h3>655 511819<\/h3>\n<p>[\/et_pb_blurb][\/et_pb_column][et_pb_column type=\u00bb1_3&#8243; _builder_version=\u00bb4.16&#8243; custom_padding=\u00bb|||\u00bb global_colors_info=\u00bb{}\u00bb custom_padding__hover=\u00bb|||\u00bb theme_builder_area=\u00bbpost_content\u00bb][et_pb_blurb title=\u00bbExposici\u00f3n\u00bb use_icon=\u00bbon\u00bb font_icon=\u00bb&#xe081;||divi||400&#8243; icon_color=\u00bb#ffb400&#8243; icon_placement=\u00bbleft\u00bb image_icon_width=\u00bb22px\u00bb _builder_version=\u00bb4.21.0&#8243; header_font=\u00bbLibre Franklin|600|||||||\u00bb header_line_height=\u00bb1.4em\u00bb body_font=\u00bb||||||||\u00bb body_line_height=\u00bb1.8em\u00bb background_layout=\u00bbdark\u00bb animation=\u00bboff\u00bb icon_font_size=\u00bb22px\u00bb locked=\u00bboff\u00bb global_colors_info=\u00bb{}\u00bb theme_builder_area=\u00bbpost_content\u00bb]<\/p>\n<p>Calle Acivro NAVES 3A 3B<\/p>\n<p>OUTEIRO DE REI- LUGO<\/p>\n<p>&nbsp;<\/p>\n<p>[\/et_pb_blurb][\/et_pb_column][et_pb_column type=\u00bb1_3&#8243; _builder_version=\u00bb4.16&#8243; custom_padding=\u00bb|||\u00bb global_colors_info=\u00bb{}\u00bb custom_padding__hover=\u00bb|||\u00bb theme_builder_area=\u00bbpost_content\u00bb][et_pb_blurb title=\u00bbCorreo Electr\u00f3nico\u00bb use_icon=\u00bbon\u00bb font_icon=\u00bb&#xe076;||divi||400&#8243; icon_color=\u00bb#ffb400&#8243; icon_placement=\u00bbleft\u00bb image_icon_width=\u00bb22px\u00bb _builder_version=\u00bb4.16&#8243; header_font=\u00bbLibre Franklin|600|||||||\u00bb header_line_height=\u00bb1.4em\u00bb body_font=\u00bb||||||||\u00bb body_line_height=\u00bb1.8em\u00bb background_layout=\u00bbdark\u00bb animation=\u00bboff\u00bb icon_font_size=\u00bb22px\u00bb locked=\u00bboff\u00bb global_colors_info=\u00bb{}\u00bb theme_builder_area=\u00bbpost_content\u00bb]<\/p>\n<p>info@aluminoxfusion.com<\/p>\n<p>[\/et_pb_blurb][\/et_pb_column][\/et_pb_row][\/et_pb_section]<\/p>","protected":false},"excerpt":{"rendered":"<p>\u00a1Aluminox Fusi\u00f3n, l\u00edder en seguridad y excelencia! \u00a0Nuestras puertas cortafuegos te brindan la m\u00e1xima protecci\u00f3n contra incendios. Fabricadas e instaladas siguiendo rigurosos est\u00e1ndares, garantizamos espacios seguros y tranquilos en cualquier entorno. Con certificaci\u00f3n y marcado CE, nuestras puertas cumplen con las normas de producci\u00f3n de la m\u00e1s alta calidad. En Aluminox Fusi\u00f3n, la seguridad es [&hellip;]<\/p>","protected":false},"author":3,"featured_media":0,"parent":0,"menu_order":0,"comment_status":"closed","ping_status":"closed","template":"","meta":{"_et_pb_use_builder":"on","_et_pb_old_content":"","_et_gb_content_width":"","footnotes":""},"class_list":["post-143","page","type-page","status-publish","hentry"],"_links":{"self":[{"href":"https:\/\/aluminoxfusion.com\/en\/wp-json\/wp\/v2\/pages\/143","targetHints":{"allow":["GET"]}}],"collection":[{"href":"https:\/\/aluminoxfusion.com\/en\/wp-json\/wp\/v2\/pages"}],"about":[{"href":"https:\/\/aluminoxfusion.com\/en\/wp-json\/wp\/v2\/types\/page"}],"author":[{"embeddable":true,"href":"https:\/\/aluminoxfusion.com\/en\/wp-json\/wp\/v2\/users\/3"}],"replies":[{"embeddable":true,"href":"https:\/\/aluminoxfusion.com\/en\/wp-json\/wp\/v2\/comments?post=143"}],"version-history":[{"count":2,"href":"https:\/\/aluminoxfusion.com\/en\/wp-json\/wp\/v2\/pages\/143\/revisions"}],"predecessor-version":[{"id":149,"href":"https:\/\/aluminoxfusion.com\/en\/wp-json\/wp\/v2\/pages\/143\/revisions\/149"}],"wp:attachment":[{"href":"https:\/\/aluminoxfusion.com\/en\/wp-json\/wp\/v2\/media?parent=143"}],"curies":[{"name":"wp","href":"https:\/\/api.w.org\/{rel}","templated":true}]}}